{"id":3381,"date":"2025-08-15T09:45:23","date_gmt":"2025-08-15T09:45:23","guid":{"rendered":"https:\/\/setyo.design\/?post_type=product&#038;p=3381"},"modified":"2026-01-30T13:03:23","modified_gmt":"2026-01-30T13:03:23","slug":"color-change-latex-customized-latex-sheet","status":"publish","type":"product","link":"https:\/\/setyo.design\/de\/product\/color-change-latex-customized-latex-sheet\/","title":{"rendered":"Color Change Latex \u2013 Konfigurierbare Latexbahn"},"content":{"rendered":"<p>Latexbahn einfarbig, aber mit speziellen Effektpigmenten, sodass sie in verschiedenen Farben schimmert. Du kannst die Farbe des Latexs und des Glitzers separat ausw\u00e4hlen. Wenn du Hilfe brauchst oder weitere W\u00fcnsche hast, kontaktiere uns jederzeit gerne.<\/p>\n<p>Dicken- Optionen: d\u00fcnn (ca. 0,25 mm), regul\u00e4r (ca. 0,4 mm), mitteldick (ca. 0,6 mm), dick (ca. 0,8 mm), heavy (ca. 1,0 mm) und xtreme (ca. 1,2 mm).<\/p>\n<p>Expressproduktion ist gegen Aufpreis m\u00f6glich. Du kannst diese Option beim Checkout zu deiner Bestellung hinzuf\u00fcgen.<\/p>\n<p>Alle Bahnen sind ca. 1 m x 2 m gro\u00df. Kleine Abweichungen in Gr\u00f6\u00dfe und St\u00e4rke k\u00f6nnen auftreten, da alles handgefertigt ist.<\/p>\n<p><strong>All shown pictures are example pics \u2013 the real outcome depends on your chosen colors and effects. Each sheet is unique!<\/strong><\/p>","protected":false},"excerpt":{"rendered":"<p>Latexbahn einfarbig, aber mit speziellen Effektpigmenten, sodass sie in verschiedenen Farben schimmert. Du kannst unten eine Reihe von Details ausw\u00e4hlen:<\/p>","protected":false},"featured_media":3243,"template":"","meta":{"_sitemap_exclude":false,"_sitemap_priority":"","_sitemap_frequency":""},"product_brand":[],"product_cat":[16],"product_tag":[43],"class_list":{"0":"post-3381","1":"product","2":"type-product","3":"status-publish","4":"has-post-thumbnail","6":"collection-bespoke-latex-sheets","7":"availability-production-individual-order","8":"product_cat-latex-sheets","9":"product_tag-customized","10":"tm-has-options","12":"first","13":"instock","14":"taxable","15":"shipping-taxable","16":"purchasable","17":"product-type-simple"},"_links":{"self":[{"href":"https:\/\/setyo.design\/de\/wp-json\/wp\/v2\/product\/3381","targetHints":{"allow":["GET"]}}],"collection":[{"href":"https:\/\/setyo.design\/de\/wp-json\/wp\/v2\/product"}],"about":[{"href":"https:\/\/setyo.design\/de\/wp-json\/wp\/v2\/types\/product"}],"version-history":[{"count":1,"href":"https:\/\/setyo.design\/de\/wp-json\/wp\/v2\/product\/3381\/revisions"}],"predecessor-version":[{"id":3382,"href":"https:\/\/setyo.design\/de\/wp-json\/wp\/v2\/product\/3381\/revisions\/3382"}],"wp:featuredmedia":[{"embeddable":true,"href":"https:\/\/setyo.design\/de\/wp-json\/wp\/v2\/media\/3243"}],"wp:attachment":[{"href":"https:\/\/setyo.design\/de\/wp-json\/wp\/v2\/media?parent=3381"}],"wp:term":[{"taxonomy":"product_brand","embeddable":true,"href":"https:\/\/setyo.design\/de\/wp-json\/wp\/v2\/product_brand?post=3381"},{"taxonomy":"product_cat","embeddable":true,"href":"https:\/\/setyo.design\/de\/wp-json\/wp\/v2\/product_cat?post=3381"},{"taxonomy":"product_tag","embeddable":true,"href":"https:\/\/setyo.design\/de\/wp-json\/wp\/v2\/product_tag?post=3381"}],"curies":[{"name":"wp","href":"https:\/\/api.w.org\/{rel}","templated":true}]}}