{"id":3390,"date":"2025-08-15T10:56:48","date_gmt":"2025-08-15T10:56:48","guid":{"rendered":"https:\/\/setyo.design\/?post_type=product&#038;p=3390"},"modified":"2026-01-30T13:02:57","modified_gmt":"2026-01-30T13:02:57","slug":"classic-glitter-galaxy-premium-customized-latex-sheet","status":"publish","type":"product","link":"https:\/\/setyo.design\/de\/product\/classic-glitter-galaxy-premium-customized-latex-sheet\/","title":{"rendered":"Classic Glitter Galaxy (Premium) \u2013 Konfigurierbare Latexbahn"},"content":{"rendered":"<p>Latexbahn im klassischen Glitter-Galaxy-Muster, mit oder ohne Sterne. Das klassische Galaxy-Muster zeigt einen eher punktartigen Effekt. F\u00fcr eine filigranere Version nutze hier unser Nebula-Galaxy-Muster. Du kannst die Optionen und Farben nach deinen W\u00fcnschen ausw\u00e4hlen. Wenn du Hilfe brauchst oder weitere W\u00fcnsche hast, kontaktiere uns jederzeit gerne.<\/p>\n<p>Dicken- Optionen: regul\u00e4r (ca. 0,4 mm), mitteldick (ca. 0,6 mm), dick (ca. 0,8 mm), heavy (ca. 1,0 mm) und xtreme (ca. 1,2 mm).<\/p>\n<p>Expressproduktion ist gegen Aufpreis m\u00f6glich. Du kannst diese Option beim Checkout zu deiner Bestellung hinzuf\u00fcgen.<\/p>\n<p>Alle Bahnen sind ca. 1 m x 2 m gro\u00df. Kleine Abweichungen in Gr\u00f6\u00dfe und St\u00e4rke k\u00f6nnen auftreten, da alles handgefertigt ist.<\/p>\n<p><strong>All shown pictures are example pics &#8211; the real outcome depends on your chosen colors and effects. Each sheet is unique!<\/strong><\/p>","protected":false},"excerpt":{"rendered":"<p>Latexbahn im klassischen Glitter-Galaxy-Muster, mit oder ohne Sterne. Das klassische Galaxy-Muster zeigt einen eher punktartigen Effekt. F\u00fcr eine filigranere Version w\u00e4hle unser Nebula-Galaxy-Muster. Du kannst unten eine Reihe von Details ausw\u00e4hlen:<strong><br \/>\n<\/strong><\/p>","protected":false},"featured_media":3391,"template":"","meta":{"_sitemap_exclude":false,"_sitemap_priority":"","_sitemap_frequency":""},"product_brand":[],"product_cat":[16],"product_tag":[43],"class_list":{"0":"post-3390","1":"product","2":"type-product","3":"status-publish","4":"has-post-thumbnail","6":"collection-bespoke-latex-sheets","7":"availability-production-individual-order","8":"product_cat-latex-sheets","9":"product_tag-customized","10":"tm-has-options","12":"first","13":"instock","14":"taxable","15":"shipping-taxable","16":"purchasable","17":"product-type-simple"},"_links":{"self":[{"href":"https:\/\/setyo.design\/de\/wp-json\/wp\/v2\/product\/3390","targetHints":{"allow":["GET"]}}],"collection":[{"href":"https:\/\/setyo.design\/de\/wp-json\/wp\/v2\/product"}],"about":[{"href":"https:\/\/setyo.design\/de\/wp-json\/wp\/v2\/types\/product"}],"version-history":[{"count":2,"href":"https:\/\/setyo.design\/de\/wp-json\/wp\/v2\/product\/3390\/revisions"}],"predecessor-version":[{"id":3393,"href":"https:\/\/setyo.design\/de\/wp-json\/wp\/v2\/product\/3390\/revisions\/3393"}],"wp:featuredmedia":[{"embeddable":true,"href":"https:\/\/setyo.design\/de\/wp-json\/wp\/v2\/media\/3391"}],"wp:attachment":[{"href":"https:\/\/setyo.design\/de\/wp-json\/wp\/v2\/media?parent=3390"}],"wp:term":[{"taxonomy":"product_brand","embeddable":true,"href":"https:\/\/setyo.design\/de\/wp-json\/wp\/v2\/product_brand?post=3390"},{"taxonomy":"product_cat","embeddable":true,"href":"https:\/\/setyo.design\/de\/wp-json\/wp\/v2\/product_cat?post=3390"},{"taxonomy":"product_tag","embeddable":true,"href":"https:\/\/setyo.design\/de\/wp-json\/wp\/v2\/product_tag?post=3390"}],"curies":[{"name":"wp","href":"https:\/\/api.w.org\/{rel}","templated":true}]}}