{"id":3394,"date":"2025-08-15T11:10:09","date_gmt":"2025-08-15T11:10:09","guid":{"rendered":"https:\/\/setyo.design\/?post_type=product&#038;p=3394"},"modified":"2026-01-30T13:02:47","modified_gmt":"2026-01-30T13:02:47","slug":"nebula-galaxy-customized-latex","status":"publish","type":"product","link":"https:\/\/setyo.design\/de\/product\/nebula-galaxy-customized-latex\/","title":{"rendered":"Nebula Galaxy (ohne Glitter) \u2013 Konfigurierbare Latexbahn"},"content":{"rendered":"<p>Latexbahn in unserem neuen Design: Nebula Galaxy, ein filigranes Muster, mit oder ohne Sterne. Das klassische Galaxie-Muster zeigt einen eher punktartigen Effekt, w\u00e4hrend dieses Design realistischer wirkt. Du kannst die Optionen und Farben nach deinen W\u00fcnschen ausw\u00e4hlen. Wenn du Hilfe brauchst oder weitere W\u00fcnsche hast, kontaktiere uns jederzeit gerne.<\/p>\n<p>Dicken- Optionen: regul\u00e4r (ca. 0,4 mm), mitteldick (ca. 0,6 mm), dick (ca. 0,8 mm), heavy (ca. 1,0 mm) und xtreme (ca. 1,2 mm).<\/p>\n<p>Expressproduktion ist gegen Aufpreis m\u00f6glich. Du kannst diese Option beim Checkout zu deiner Bestellung hinzuf\u00fcgen.<\/p>\n<p>Alle Bahnen sind ca. 1 m x 2 m gro\u00df. Kleine Abweichungen in Gr\u00f6\u00dfe und St\u00e4rke k\u00f6nnen auftreten, da alles handgefertigt ist.<\/p>\n<p><strong>All shown pictures are example pics &#8211; the real outcome depends on your chosen colors and effects. Each sheet is unique!<\/strong><\/p>","protected":false},"excerpt":{"rendered":"<p>Latexbahn in unserem neuen Nebula-Galaxy-Muster, mit oder ohne Sterne. Der Effekt ist realistischer als beim klassischen Galaxy-Muster. Du kannst unten eine Reihe von Details ausw\u00e4hlen. Wenn du Glitzer hinzuf\u00fcgen m\u00f6chtest, w\u00e4hle bitte unseren \u201eNebula Glitter Galaxy\u201c.\u00a0<strong><br \/>\n<\/strong><\/p>","protected":false},"featured_media":3280,"template":"","meta":{"_sitemap_exclude":false,"_sitemap_priority":"","_sitemap_frequency":""},"product_brand":[],"product_cat":[16],"product_tag":[43,59],"class_list":{"0":"post-3394","1":"product","2":"type-product","3":"status-publish","4":"has-post-thumbnail","6":"collection-bespoke-latex-sheets","7":"availability-production-individual-order","8":"product_cat-latex-sheets","9":"product_tag-customized","10":"product_tag-signature","11":"tm-has-options","13":"first","14":"instock","15":"taxable","16":"shipping-taxable","17":"purchasable","18":"product-type-simple"},"_links":{"self":[{"href":"https:\/\/setyo.design\/de\/wp-json\/wp\/v2\/product\/3394","targetHints":{"allow":["GET"]}}],"collection":[{"href":"https:\/\/setyo.design\/de\/wp-json\/wp\/v2\/product"}],"about":[{"href":"https:\/\/setyo.design\/de\/wp-json\/wp\/v2\/types\/product"}],"version-history":[{"count":3,"href":"https:\/\/setyo.design\/de\/wp-json\/wp\/v2\/product\/3394\/revisions"}],"predecessor-version":[{"id":3396,"href":"https:\/\/setyo.design\/de\/wp-json\/wp\/v2\/product\/3394\/revisions\/3396"}],"wp:featuredmedia":[{"embeddable":true,"href":"https:\/\/setyo.design\/de\/wp-json\/wp\/v2\/media\/3280"}],"wp:attachment":[{"href":"https:\/\/setyo.design\/de\/wp-json\/wp\/v2\/media?parent=3394"}],"wp:term":[{"taxonomy":"product_brand","embeddable":true,"href":"https:\/\/setyo.design\/de\/wp-json\/wp\/v2\/product_brand?post=3394"},{"taxonomy":"product_cat","embeddable":true,"href":"https:\/\/setyo.design\/de\/wp-json\/wp\/v2\/product_cat?post=3394"},{"taxonomy":"product_tag","embeddable":true,"href":"https:\/\/setyo.design\/de\/wp-json\/wp\/v2\/product_tag?post=3394"}],"curies":[{"name":"wp","href":"https:\/\/api.w.org\/{rel}","templated":true}]}}