{"id":3401,"date":"2025-08-15T11:40:00","date_gmt":"2025-08-15T11:40:00","guid":{"rendered":"https:\/\/setyo.design\/?post_type=product&#038;p=3401"},"modified":"2026-01-30T13:02:20","modified_gmt":"2026-01-30T13:02:20","slug":"realistic-marble-glitter-premium-customized-latex","status":"publish","type":"product","link":"https:\/\/setyo.design\/de\/product\/realistic-marble-glitter-premium-customized-latex\/","title":{"rendered":"Realistic Glitter Marble (Premium) \u2013 Konfigurierbare Latexbahn"},"content":{"rendered":"<p>Latex sheet, in our new designed realistic marble pattern. The classic marble pattern shows a more dotty effect, while this pattern is\u00a0 more filigree version. You are free to choose options and colors on your desires. If you need assistance or if you have further wishes, feel always free to contact us.<\/p>\n<p>Dicken- Optionen: regul\u00e4r (ca. 0,4 mm), mitteldick (ca. 0,6 mm), dick (ca. 0,8 mm), heavy (ca. 1,0 mm) und xtreme (ca. 1,2 mm).<\/p>\n<p>Expressproduktion ist gegen Aufpreis m\u00f6glich. Du kannst diese Option beim Checkout zu deiner Bestellung hinzuf\u00fcgen.<\/p>\n<p>Alle Bahnen sind ca. 1 m x 2 m gro\u00df. Kleine Abweichungen in Gr\u00f6\u00dfe und St\u00e4rke k\u00f6nnen auftreten, da alles handgefertigt ist.<\/p>\n<p><strong>All shown pictures are example pics &#8211; the real outcome depends on your chosen colors and effects. Each sheet is unique!<\/strong><\/p>","protected":false},"excerpt":{"rendered":"<p>Latexbahn in unserem neu entworfenen, realistischen Marmor-Muster. Das klassische Marmor-Muster (Classic Marble) zeigt einen eher punktartigen Effekt, w\u00e4hrend dieses Muster eine filigranere Version ist. Du kannst unten eine Reihe von Details ausw\u00e4hlen:<\/p>","protected":false},"featured_media":3287,"template":"","meta":{"_sitemap_exclude":false,"_sitemap_priority":"","_sitemap_frequency":""},"product_brand":[],"product_cat":[16],"product_tag":[43],"class_list":{"0":"post-3401","1":"product","2":"type-product","3":"status-publish","4":"has-post-thumbnail","6":"collection-bespoke-latex-sheets","7":"availability-production-individual-order","8":"product_cat-latex-sheets","9":"product_tag-customized","10":"tm-has-options","12":"first","13":"instock","14":"taxable","15":"shipping-taxable","16":"purchasable","17":"product-type-simple"},"_links":{"self":[{"href":"https:\/\/setyo.design\/de\/wp-json\/wp\/v2\/product\/3401","targetHints":{"allow":["GET"]}}],"collection":[{"href":"https:\/\/setyo.design\/de\/wp-json\/wp\/v2\/product"}],"about":[{"href":"https:\/\/setyo.design\/de\/wp-json\/wp\/v2\/types\/product"}],"version-history":[{"count":1,"href":"https:\/\/setyo.design\/de\/wp-json\/wp\/v2\/product\/3401\/revisions"}],"predecessor-version":[{"id":3402,"href":"https:\/\/setyo.design\/de\/wp-json\/wp\/v2\/product\/3401\/revisions\/3402"}],"wp:featuredmedia":[{"embeddable":true,"href":"https:\/\/setyo.design\/de\/wp-json\/wp\/v2\/media\/3287"}],"wp:attachment":[{"href":"https:\/\/setyo.design\/de\/wp-json\/wp\/v2\/media?parent=3401"}],"wp:term":[{"taxonomy":"product_brand","embeddable":true,"href":"https:\/\/setyo.design\/de\/wp-json\/wp\/v2\/product_brand?post=3401"},{"taxonomy":"product_cat","embeddable":true,"href":"https:\/\/setyo.design\/de\/wp-json\/wp\/v2\/product_cat?post=3401"},{"taxonomy":"product_tag","embeddable":true,"href":"https:\/\/setyo.design\/de\/wp-json\/wp\/v2\/product_tag?post=3401"}],"curies":[{"name":"wp","href":"https:\/\/api.w.org\/{rel}","templated":true}]}}