{"id":3411,"date":"2025-08-15T12:35:33","date_gmt":"2025-08-15T12:35:33","guid":{"rendered":"https:\/\/setyo.design\/?post_type=product&#038;p=3411"},"modified":"2026-01-30T13:01:57","modified_gmt":"2026-01-30T13:01:57","slug":"3d-lace-customized-latex-sheet-copy","status":"publish","type":"product","link":"https:\/\/setyo.design\/de\/product\/3d-lace-customized-latex-sheet-copy\/","title":{"rendered":"3D \u2013 Lace (Spitze) \u2013 Konfigurierbare Latexbahn (1m)"},"content":{"rendered":"<p>Latexbahn im 3D-Spitzen-Muster. Du kannst die Optionen und Farben nach deinen W\u00fcnschen ausw\u00e4hlen. Wenn du Hilfe brauchst oder weitere W\u00fcnsche hast, kontaktiere uns jederzeit gerne.<\/p>\n<p>Dicke-Optionen: regul\u00e4r (ca. 0,4 mm), mitteldick (ca. 0,6 mm)<\/p>\n<p>Expressproduktion ist gegen Aufpreis m\u00f6glich. Du kannst diese Option beim Checkout zu deiner Bestellung hinzuf\u00fcgen.<\/p>\n<p>This sheet is 1m\u00b2 only, measuring approx 1m x 1m. Small differences in size and thickness can appear as everything is hand made.<\/p>\n<p><strong>All shown pictures are example pics &#8211; the real outcome depends on your chosen colors and effects. Each sheet is unique!<\/strong><\/p>","protected":false},"excerpt":{"rendered":"<p>Latexbahn im 3D-Spitzen-Muster. Du kannst unten eine Reihe von Details ausw\u00e4hlen:<\/p>","protected":false},"featured_media":3341,"template":"","meta":{"_sitemap_exclude":false,"_sitemap_priority":"","_sitemap_frequency":""},"product_brand":[],"product_cat":[16],"product_tag":[43,59],"class_list":{"0":"post-3411","1":"product","2":"type-product","3":"status-publish","4":"has-post-thumbnail","6":"collection-bespoke-latex-sheets","7":"availability-production-individual-order","8":"product_cat-latex-sheets","9":"product_tag-customized","10":"product_tag-signature","11":"tm-has-options","13":"first","14":"instock","15":"taxable","16":"shipping-taxable","17":"purchasable","18":"product-type-simple"},"_links":{"self":[{"href":"https:\/\/setyo.design\/de\/wp-json\/wp\/v2\/product\/3411","targetHints":{"allow":["GET"]}}],"collection":[{"href":"https:\/\/setyo.design\/de\/wp-json\/wp\/v2\/product"}],"about":[{"href":"https:\/\/setyo.design\/de\/wp-json\/wp\/v2\/types\/product"}],"version-history":[{"count":2,"href":"https:\/\/setyo.design\/de\/wp-json\/wp\/v2\/product\/3411\/revisions"}],"predecessor-version":[{"id":4670,"href":"https:\/\/setyo.design\/de\/wp-json\/wp\/v2\/product\/3411\/revisions\/4670"}],"wp:featuredmedia":[{"embeddable":true,"href":"https:\/\/setyo.design\/de\/wp-json\/wp\/v2\/media\/3341"}],"wp:attachment":[{"href":"https:\/\/setyo.design\/de\/wp-json\/wp\/v2\/media?parent=3411"}],"wp:term":[{"taxonomy":"product_brand","embeddable":true,"href":"https:\/\/setyo.design\/de\/wp-json\/wp\/v2\/product_brand?post=3411"},{"taxonomy":"product_cat","embeddable":true,"href":"https:\/\/setyo.design\/de\/wp-json\/wp\/v2\/product_cat?post=3411"},{"taxonomy":"product_tag","embeddable":true,"href":"https:\/\/setyo.design\/de\/wp-json\/wp\/v2\/product_tag?post=3411"}],"curies":[{"name":"wp","href":"https:\/\/api.w.org\/{rel}","templated":true}]}}