{"id":3421,"date":"2025-08-15T16:06:38","date_gmt":"2025-08-15T16:06:38","guid":{"rendered":"https:\/\/setyo.design\/?post_type=product&#038;p=3421"},"modified":"2026-01-30T12:59:23","modified_gmt":"2026-01-30T12:59:23","slug":"camouflage-customized-latex","status":"publish","type":"product","link":"https:\/\/setyo.design\/de\/product\/camouflage-customized-latex\/","title":{"rendered":"Camouflage \u2013 Konfigurierbare Latexbahn"},"content":{"rendered":"<p>Latexbahn im klassischen, handgezeichneten Camouflage-Muster. Beide Seiten der Bahn sehen unterschiedlich aus. Du kannst die Optionen und Farben nach deinen W\u00fcnschen ausw\u00e4hlen. Wenn du Hilfe brauchst oder weitere W\u00fcnsche hast, kontaktiere uns jederzeit gerne.<\/p>\n<p>Dicken- Optionen: regul\u00e4r (ca. 0,4 mm), mitteldick (ca. 0,6 mm), dick (ca. 0,8 mm), heavy (ca. 1,0 mm) und xtreme (ca. 1,2 mm).<\/p>\n<p>Expressproduktion ist gegen Aufpreis m\u00f6glich. Du kannst diese Option beim Checkout zu deiner Bestellung hinzuf\u00fcgen.<\/p>\n<p>Alle Bahnen sind ca. 1 m x 2 m gro\u00df. Kleine Abweichungen in Gr\u00f6\u00dfe und St\u00e4rke k\u00f6nnen auftreten, da alles handgefertigt ist.<\/p>\n<p><strong>All shown pictures are example pics &#8211; the real outcome depends on your chosen colors and effects. Each sheet is unique!<\/strong><\/p>","protected":false},"excerpt":{"rendered":"<p>Latexbahn in einem handgezeichneten, klassischen Camouflage-Muster. Du kannst unten eine Reihe von Details ausw\u00e4hlen:<strong><br \/>\n<\/strong><\/p>","protected":false},"featured_media":3317,"template":"","meta":{"_sitemap_exclude":false,"_sitemap_priority":"","_sitemap_frequency":""},"product_brand":[],"product_cat":[16],"product_tag":[43],"class_list":{"0":"post-3421","1":"product","2":"type-product","3":"status-publish","4":"has-post-thumbnail","6":"availability-production-individual-order","7":"product_cat-latex-sheets","8":"product_tag-customized","9":"tm-has-options","11":"first","12":"instock","13":"taxable","14":"shipping-taxable","15":"purchasable","16":"product-type-simple"},"_links":{"self":[{"href":"https:\/\/setyo.design\/de\/wp-json\/wp\/v2\/product\/3421","targetHints":{"allow":["GET"]}}],"collection":[{"href":"https:\/\/setyo.design\/de\/wp-json\/wp\/v2\/product"}],"about":[{"href":"https:\/\/setyo.design\/de\/wp-json\/wp\/v2\/types\/product"}],"version-history":[{"count":1,"href":"https:\/\/setyo.design\/de\/wp-json\/wp\/v2\/product\/3421\/revisions"}],"predecessor-version":[{"id":3422,"href":"https:\/\/setyo.design\/de\/wp-json\/wp\/v2\/product\/3421\/revisions\/3422"}],"wp:featuredmedia":[{"embeddable":true,"href":"https:\/\/setyo.design\/de\/wp-json\/wp\/v2\/media\/3317"}],"wp:attachment":[{"href":"https:\/\/setyo.design\/de\/wp-json\/wp\/v2\/media?parent=3421"}],"wp:term":[{"taxonomy":"product_brand","embeddable":true,"href":"https:\/\/setyo.design\/de\/wp-json\/wp\/v2\/product_brand?post=3421"},{"taxonomy":"product_cat","embeddable":true,"href":"https:\/\/setyo.design\/de\/wp-json\/wp\/v2\/product_cat?post=3421"},{"taxonomy":"product_tag","embeddable":true,"href":"https:\/\/setyo.design\/de\/wp-json\/wp\/v2\/product_tag?post=3421"}],"curies":[{"name":"wp","href":"https:\/\/api.w.org\/{rel}","templated":true}]}}