{"id":3463,"date":"2025-08-16T14:46:35","date_gmt":"2025-08-16T14:46:35","guid":{"rendered":"https:\/\/setyo.design\/?post_type=product&#038;p=3463"},"modified":"2026-01-30T12:19:09","modified_gmt":"2026-01-30T12:19:09","slug":"the-old-yummygummy-glitter-black","status":"publish","type":"product","link":"https:\/\/setyo.design\/de\/product\/the-old-yummygummy-glitter-black\/","title":{"rendered":"The Old YummyGummy \u2013 Silber Glitter auf Schwarz (B-Ware)"},"content":{"rendered":"<p>Wir bieten dir auch Produkte, die von den H\u00e4nden des ehemaligen Yummy Gummy hergestellt wurden. Diese wurden vor 2023 produziert.<\/p>\n<p>Da wir keine genauen Informationen zum Alter und den Lagerbedingungen vor August 2024 haben, verkaufen wir diese Bahnen zu einem Sonderpreis. Wir k\u00f6nnen nur eine eingeschr\u00e4nkte Garantie geben.<\/p>\n<p>Sheets marked as &#8220;B Quality&#8221; may have several quality issues, such es a high number of bubbles or different thicknesses, as well as thin areas. Some sheets are missing little corners, see the pictures for further details. We checked each sheet visually, they are fine to use, though you may not be able to use the whole sheet. We do not recommend using these sheets for super sensitive pieces, such as Catsuits.<\/p>\n<p>Alle Bahnen sind ca. 1 m x 2 m gro\u00df, sofern nicht anders angegeben. Kleine Abweichungen in Gr\u00f6\u00dfe und St\u00e4rke k\u00f6nnen auftreten, da alles handgefertigt ist.<\/p>","protected":false},"excerpt":{"rendered":"<p>\u00c4ltere Latexbbahnen, hergestellt von den H\u00e4nden des ehemaligen Yummy Gummy. Diese wurden vor 2023 produziert.<\/p>\n<p>Da wir keine genauen Informationen zum Alter und den Lagerbedingungen vor August 2024 haben, verkaufen wir diese Bahnen zu einem Sonderpreis.<\/p>","protected":false},"featured_media":3447,"template":"","meta":{"_sitemap_exclude":false,"_sitemap_priority":"","_sitemap_frequency":""},"product_brand":[],"product_cat":[16],"product_tag":[47,58,44],"class_list":{"0":"post-3463","1":"product","2":"type-product","3":"status-publish","4":"has-post-thumbnail","6":"collection-the-old-yummy-gummy","7":"availability-ready-to-ship-within-3-days","8":"product_cat-latex-sheets","9":"product_tag-ready-to-ship","10":"product_tag-sale","11":"product_tag-old-yummy-gummy","12":"tm-no-options","14":"first","15":"outofstock","16":"sale","17":"taxable","18":"shipping-taxable","19":"purchasable","20":"product-type-simple"},"_links":{"self":[{"href":"https:\/\/setyo.design\/de\/wp-json\/wp\/v2\/product\/3463","targetHints":{"allow":["GET"]}}],"collection":[{"href":"https:\/\/setyo.design\/de\/wp-json\/wp\/v2\/product"}],"about":[{"href":"https:\/\/setyo.design\/de\/wp-json\/wp\/v2\/types\/product"}],"version-history":[{"count":1,"href":"https:\/\/setyo.design\/de\/wp-json\/wp\/v2\/product\/3463\/revisions"}],"predecessor-version":[{"id":3464,"href":"https:\/\/setyo.design\/de\/wp-json\/wp\/v2\/product\/3463\/revisions\/3464"}],"wp:featuredmedia":[{"embeddable":true,"href":"https:\/\/setyo.design\/de\/wp-json\/wp\/v2\/media\/3447"}],"wp:attachment":[{"href":"https:\/\/setyo.design\/de\/wp-json\/wp\/v2\/media?parent=3463"}],"wp:term":[{"taxonomy":"product_brand","embeddable":true,"href":"https:\/\/setyo.design\/de\/wp-json\/wp\/v2\/product_brand?post=3463"},{"taxonomy":"product_cat","embeddable":true,"href":"https:\/\/setyo.design\/de\/wp-json\/wp\/v2\/product_cat?post=3463"},{"taxonomy":"product_tag","embeddable":true,"href":"https:\/\/setyo.design\/de\/wp-json\/wp\/v2\/product_tag?post=3463"}],"curies":[{"name":"wp","href":"https:\/\/api.w.org\/{rel}","templated":true}]}}