{"id":3466,"date":"2025-08-16T14:55:15","date_gmt":"2025-08-16T14:55:15","guid":{"rendered":"https:\/\/setyo.design\/?post_type=product&#038;p=3466"},"modified":"2026-01-30T12:57:55","modified_gmt":"2026-01-30T12:57:55","slug":"crystal-clear-latex-sheet","status":"publish","type":"product","link":"https:\/\/setyo.design\/de\/product\/crystal-clear-latex-sheet\/","title":{"rendered":"Crystal Clear (Latexbahn)"},"content":{"rendered":"<p>Latexbahn in unserer speziellen Farbe \"Crystal Clear\". 100% Naturkautschuk, ohne Silikone oder sch\u00e4dliche Additive! Dies ist das Beste, das mit transparentem Latex m\u00f6glich ist.<\/p>\n<p>Dicken- Optionen: d\u00fcnn (ca. 0,25 mm), regul\u00e4r (ca. 0,4 mm), mitteldick (ca. 0,6 mm), dick (ca. 0,8 mm), heavy (ca. 1,0 mm) und xtreme (ca. 1,2 mm).<\/p>\n<p>Expressproduktion ist gegen Aufpreis m\u00f6glich. Du kannst diese Option beim Checkout zu deiner Bestellung hinzuf\u00fcgen.<\/p>\n<p>Alle Bahnen sind ca. 1 m x 2 m gro\u00df. Kleine Abweichungen in Gr\u00f6\u00dfe und St\u00e4rke k\u00f6nnen auftreten, da alles handgefertigt ist.<\/p>\n<p><strong>All shown pictures are example pics &#8211; the real outcome depends on your chosen colors and effects. Each sheet is unique!<\/strong><\/p>","protected":false},"excerpt":{"rendered":"<p>Latexbahn in unserer speziellen Farbe \"Crystal Clear\". 100% Naturkautschuk, ohne Silikone oder sch\u00e4dliche Additive! Dies ist das Beste, das mit transparentem Latex m\u00f6glich ist.<\/p>","protected":false},"featured_media":1905,"template":"","meta":{"_sitemap_exclude":false,"_sitemap_priority":"","_sitemap_frequency":""},"product_brand":[],"product_cat":[16],"product_tag":[65,43,59],"class_list":{"0":"post-3466","1":"product","2":"type-product","3":"status-publish","4":"has-post-thumbnail","6":"collection-bespoke-latex-sheets","7":"availability-production-individual-order","8":"product_cat-latex-sheets","9":"product_tag-crystal-collection","10":"product_tag-customized","11":"product_tag-signature","12":"tm-has-options","14":"first","15":"instock","16":"taxable","17":"shipping-taxable","18":"purchasable","19":"product-type-simple"},"_links":{"self":[{"href":"https:\/\/setyo.design\/de\/wp-json\/wp\/v2\/product\/3466","targetHints":{"allow":["GET"]}}],"collection":[{"href":"https:\/\/setyo.design\/de\/wp-json\/wp\/v2\/product"}],"about":[{"href":"https:\/\/setyo.design\/de\/wp-json\/wp\/v2\/types\/product"}],"version-history":[{"count":2,"href":"https:\/\/setyo.design\/de\/wp-json\/wp\/v2\/product\/3466\/revisions"}],"predecessor-version":[{"id":3469,"href":"https:\/\/setyo.design\/de\/wp-json\/wp\/v2\/product\/3466\/revisions\/3469"}],"wp:featuredmedia":[{"embeddable":true,"href":"https:\/\/setyo.design\/de\/wp-json\/wp\/v2\/media\/1905"}],"wp:attachment":[{"href":"https:\/\/setyo.design\/de\/wp-json\/wp\/v2\/media?parent=3466"}],"wp:term":[{"taxonomy":"product_brand","embeddable":true,"href":"https:\/\/setyo.design\/de\/wp-json\/wp\/v2\/product_brand?post=3466"},{"taxonomy":"product_cat","embeddable":true,"href":"https:\/\/setyo.design\/de\/wp-json\/wp\/v2\/product_cat?post=3466"},{"taxonomy":"product_tag","embeddable":true,"href":"https:\/\/setyo.design\/de\/wp-json\/wp\/v2\/product_tag?post=3466"}],"curies":[{"name":"wp","href":"https:\/\/api.w.org\/{rel}","templated":true}]}}