{"id":4639,"date":"2025-09-08T12:00:11","date_gmt":"2025-09-08T12:00:11","guid":{"rendered":"https:\/\/setyo.design\/?post_type=product&#038;p=4639"},"modified":"2026-01-30T12:50:12","modified_gmt":"2026-01-30T12:50:12","slug":"circle-skirt","status":"publish","type":"product","link":"https:\/\/setyo.design\/de\/product\/circle-skirt\/","title":{"rendered":"Latex Tellerrock"},"content":{"rendered":"<p data-start=\"903\" data-end=\"1304\">Our asymmetric circle skirt is crafted from our very own latex sheets. Designed with a flowing silhouette, it\u2019s shorter at the front and longer at the back \u2014 giving you a lively, sexy shape with every move. You can choose from our bestselling patterns, or create your own look by describing the colors and patterns you\u2019d like. We\u2019ll produce this skirt especially for you, tailored to your wishes.<\/p>\n<p data-start=\"1306\" data-end=\"1422\">This design is clean and minimalist, with no zippers or buttons \u2014 pure latex beauty in its most versatile form. Length is about knee length in the back (approx. 50cm) and half the length in the front (approx. 25cm)<\/p>\n<p data-start=\"1306\" data-end=\"1422\"><strong>All shown pictures are example pics &#8211; the real outcome depends on your chosen colors and effects. Each item is unique!<\/strong><\/p>","protected":false},"excerpt":{"rendered":"<p data-start=\"903\" data-end=\"1304\">Unser asymmetrischer Tellerrock wird aus unseren eigenen Latexbahnen gefertigt. Mit seiner flie\u00dfenden Silhouette ist er vorne k\u00fcrzer und hinten l\u00e4nger \u2013 f\u00fcr eine lebendige, sexy Form bei jeder Bewegung.<\/p>","protected":false},"featured_media":5212,"template":"","meta":{"_sitemap_exclude":false,"_sitemap_priority":"","_sitemap_frequency":""},"product_brand":[],"product_cat":[46],"product_tag":[43,96,80],"class_list":{"0":"post-4639","1":"product","2":"type-product","3":"status-publish","4":"has-post-thumbnail","6":"collection-bringing-the-colors-back","7":"availability-production-individual-order","8":"product_cat-latex-fashion","9":"product_tag-customized","10":"product_tag-female-appearance","11":"product_tag-skirts-trousers","12":"tm-has-options","14":"first","15":"instock","16":"taxable","17":"shipping-taxable","18":"purchasable","19":"product-type-simple"},"_links":{"self":[{"href":"https:\/\/setyo.design\/de\/wp-json\/wp\/v2\/product\/4639","targetHints":{"allow":["GET"]}}],"collection":[{"href":"https:\/\/setyo.design\/de\/wp-json\/wp\/v2\/product"}],"about":[{"href":"https:\/\/setyo.design\/de\/wp-json\/wp\/v2\/types\/product"}],"version-history":[{"count":6,"href":"https:\/\/setyo.design\/de\/wp-json\/wp\/v2\/product\/4639\/revisions"}],"predecessor-version":[{"id":5163,"href":"https:\/\/setyo.design\/de\/wp-json\/wp\/v2\/product\/4639\/revisions\/5163"}],"wp:featuredmedia":[{"embeddable":true,"href":"https:\/\/setyo.design\/de\/wp-json\/wp\/v2\/media\/5212"}],"wp:attachment":[{"href":"https:\/\/setyo.design\/de\/wp-json\/wp\/v2\/media?parent=4639"}],"wp:term":[{"taxonomy":"product_brand","embeddable":true,"href":"https:\/\/setyo.design\/de\/wp-json\/wp\/v2\/product_brand?post=4639"},{"taxonomy":"product_cat","embeddable":true,"href":"https:\/\/setyo.design\/de\/wp-json\/wp\/v2\/product_cat?post=4639"},{"taxonomy":"product_tag","embeddable":true,"href":"https:\/\/setyo.design\/de\/wp-json\/wp\/v2\/product_tag?post=4639"}],"curies":[{"name":"wp","href":"https:\/\/api.w.org\/{rel}","templated":true}]}}