{"id":5246,"date":"2025-10-03T18:06:07","date_gmt":"2025-10-03T18:06:07","guid":{"rendered":"https:\/\/setyo.design\/?post_type=product&#038;p=5246"},"modified":"2026-01-30T12:51:23","modified_gmt":"2026-01-30T12:51:23","slug":"latex-belt-skirt-short","status":"publish","type":"product","link":"https:\/\/setyo.design\/de\/product\/latex-belt-skirt-short\/","title":{"rendered":"Latex Rockg\u00fcrtel (kurz)"},"content":{"rendered":"<p data-start=\"357\" data-end=\"609\">Our asymmetric belt skirt is crafted from our very own latex sheets. Inspired by the lively shape of our circle skirt, it\u2019s shorter at the front and longer at the back \u2014 creating a flowing, sexy silhouette with every move.<\/p>\n<p data-start=\"611\" data-end=\"871\">For the bold ones, the super short front adds an extra daring touch. You can choose from our bestselling patterns, or create your own look by describing the colors and patterns you\u2019d like. We\u2019ll produce this skirt especially for you, tailored to your wishes.<\/p>\n<p data-start=\"873\" data-end=\"1100\">Der Rockg\u00fcrtel wird vorne mit Druckkn\u00f6pfen geschlossen. Abgesehen davon bleibt das Design schlicht und pur. Du kannst zwischen drei L\u00e4ngen w\u00e4hlen: kurz (deckt nur den Po), mittel (ca. 30\u202fcm) oder lang (etwa knielang).<\/p>\n<p data-start=\"1306\" data-end=\"1422\"><strong>All shown pictures are example pics &#8211; the real outcome depends on your chosen colors and effects. Each item is unique!<\/strong><\/p>","protected":false},"excerpt":{"rendered":"<p data-start=\"903\" data-end=\"1304\">Unser asymmetrischer Rockg\u00fcrtel wird aus unseren eigenen Latexbahnen gefertigt. Inspiriert von der lebendigen Form unseres Tellerrocks ist er vorne k\u00fcrzer und hinten l\u00e4nger \u2013 und zaubert bei jeder Bewegung eine flie\u00dfende, sexy Silhouette. Dies ist die kurze Version \u2013 wir bieten auch l\u00e4ngere G\u00fcrtel an \ud83d\ude42<\/p>","protected":false},"featured_media":5206,"template":"","meta":{"_sitemap_exclude":false,"_sitemap_priority":"","_sitemap_frequency":""},"product_brand":[],"product_cat":[46],"product_tag":[43,96,80],"class_list":{"0":"post-5246","1":"product","2":"type-product","3":"status-publish","4":"has-post-thumbnail","6":"collection-bringing-the-colors-back","7":"availability-production-individual-order","8":"product_cat-latex-fashion","9":"product_tag-customized","10":"product_tag-female-appearance","11":"product_tag-skirts-trousers","12":"tm-has-options","14":"first","15":"instock","16":"taxable","17":"shipping-taxable","18":"purchasable","19":"product-type-simple"},"_links":{"self":[{"href":"https:\/\/setyo.design\/de\/wp-json\/wp\/v2\/product\/5246","targetHints":{"allow":["GET"]}}],"collection":[{"href":"https:\/\/setyo.design\/de\/wp-json\/wp\/v2\/product"}],"about":[{"href":"https:\/\/setyo.design\/de\/wp-json\/wp\/v2\/types\/product"}],"version-history":[{"count":2,"href":"https:\/\/setyo.design\/de\/wp-json\/wp\/v2\/product\/5246\/revisions"}],"predecessor-version":[{"id":5248,"href":"https:\/\/setyo.design\/de\/wp-json\/wp\/v2\/product\/5246\/revisions\/5248"}],"wp:featuredmedia":[{"embeddable":true,"href":"https:\/\/setyo.design\/de\/wp-json\/wp\/v2\/media\/5206"}],"wp:attachment":[{"href":"https:\/\/setyo.design\/de\/wp-json\/wp\/v2\/media?parent=5246"}],"wp:term":[{"taxonomy":"product_brand","embeddable":true,"href":"https:\/\/setyo.design\/de\/wp-json\/wp\/v2\/product_brand?post=5246"},{"taxonomy":"product_cat","embeddable":true,"href":"https:\/\/setyo.design\/de\/wp-json\/wp\/v2\/product_cat?post=5246"},{"taxonomy":"product_tag","embeddable":true,"href":"https:\/\/setyo.design\/de\/wp-json\/wp\/v2\/product_tag?post=5246"}],"curies":[{"name":"wp","href":"https:\/\/api.w.org\/{rel}","templated":true}]}}