{"id":5255,"date":"2025-10-03T18:48:20","date_gmt":"2025-10-03T18:48:20","guid":{"rendered":"https:\/\/setyo.design\/?post_type=product&#038;p=5255"},"modified":"2026-01-30T12:52:18","modified_gmt":"2026-01-30T12:52:18","slug":"sejine-latex-dress-sleeveless","status":"publish","type":"product","link":"https:\/\/setyo.design\/de\/product\/sejine-latex-dress-sleeveless\/","title":{"rendered":"Sejine Latex Dress (sleeveless)"},"content":{"rendered":"<p data-start=\"213\" data-end=\"506\">Das Sejine-Kleid ist eines unserer Signature-St\u00fccke \u2013 eine auff\u00e4llige Kombination aus Eleganz und verspieltem Design. Gefertigt aus unseren eigenen Latexbahnen kommt diese Variante \u00e4rmellos und mit einem Frontrei\u00dfverschluss, der nicht ganz geschlossen wird und dadurch einen subtilen Ausschnitt f\u00fcr einen Hauch von Verf\u00fchrung l\u00e4sst.<\/p>\n<p data-start=\"508\" data-end=\"779\">Am R\u00fccken sorgt ein transparenter Einsatz aus unserem Crystal Clear Latex f\u00fcr einen sch\u00f6nen Kontrast und betont deine Silhouette. Am Hals verbindet eine kleine Schleife das Kleid und schafft darunter eine zarte \u00d6ffnung, die dezent etwas Haut bis zum Ausschnitt zeigt.<\/p>\n<p data-start=\"781\" data-end=\"916\">The result is a dress that blends clean lines with bold details \u2014 refined latex fashion that celebrates confidence and individuality.<\/p>\n<p data-start=\"1306\" data-end=\"1422\"><strong>All shown pictures are example pics &#8211; the real outcome depends on your chosen colors and effects. Each item is unique!<\/strong><\/p>","protected":false},"excerpt":{"rendered":"<p data-start=\"903\" data-end=\"1304\">Das Sejine-Kleid ist eines unserer Signature-St\u00fccke \u2013 eine auff\u00e4llige Kombination aus Eleganz und verspieltem Design. Gefertigt aus unseren eigenen Latexbahnen kommt diese Variante \u00e4rmellos und mit einem Frontrei\u00dfverschluss, der nicht ganz geschlossen wird und dadurch einen subtilen Ausschnitt f\u00fcr einen Hauch von Verf\u00fchrung l\u00e4sst.<\/p>","protected":false},"featured_media":5224,"template":"","meta":{"_sitemap_exclude":false,"_sitemap_priority":"","_sitemap_frequency":""},"product_brand":[],"product_cat":[46],"product_tag":[43,98,96],"class_list":{"0":"post-5255","1":"product","2":"type-product","3":"status-publish","4":"has-post-thumbnail","6":"collection-bringing-the-colors-back","7":"availability-production-individual-order","8":"product_cat-latex-fashion","9":"product_tag-customized","10":"product_tag-dresses-bodies","11":"product_tag-female-appearance","12":"tm-has-options","14":"first","15":"instock","16":"taxable","17":"shipping-taxable","18":"purchasable","19":"product-type-simple"},"_links":{"self":[{"href":"https:\/\/setyo.design\/de\/wp-json\/wp\/v2\/product\/5255","targetHints":{"allow":["GET"]}}],"collection":[{"href":"https:\/\/setyo.design\/de\/wp-json\/wp\/v2\/product"}],"about":[{"href":"https:\/\/setyo.design\/de\/wp-json\/wp\/v2\/types\/product"}],"version-history":[{"count":2,"href":"https:\/\/setyo.design\/de\/wp-json\/wp\/v2\/product\/5255\/revisions"}],"predecessor-version":[{"id":5258,"href":"https:\/\/setyo.design\/de\/wp-json\/wp\/v2\/product\/5255\/revisions\/5258"}],"wp:featuredmedia":[{"embeddable":true,"href":"https:\/\/setyo.design\/de\/wp-json\/wp\/v2\/media\/5224"}],"wp:attachment":[{"href":"https:\/\/setyo.design\/de\/wp-json\/wp\/v2\/media?parent=5255"}],"wp:term":[{"taxonomy":"product_brand","embeddable":true,"href":"https:\/\/setyo.design\/de\/wp-json\/wp\/v2\/product_brand?post=5255"},{"taxonomy":"product_cat","embeddable":true,"href":"https:\/\/setyo.design\/de\/wp-json\/wp\/v2\/product_cat?post=5255"},{"taxonomy":"product_tag","embeddable":true,"href":"https:\/\/setyo.design\/de\/wp-json\/wp\/v2\/product_tag?post=5255"}],"curies":[{"name":"wp","href":"https:\/\/api.w.org\/{rel}","templated":true}]}}