{"id":5644,"date":"2026-01-30T12:40:20","date_gmt":"2026-01-30T12:40:20","guid":{"rendered":"https:\/\/setyo.design\/?post_type=product&#038;p=5644"},"modified":"2026-01-30T12:40:20","modified_gmt":"2026-01-30T12:40:20","slug":"the-old-yummygummy-special-gradient-red-yellow-b-quality","status":"publish","type":"product","link":"https:\/\/setyo.design\/de\/product\/the-old-yummygummy-special-gradient-red-yellow-b-quality\/","title":{"rendered":"The Old YummyGummy \u2013 Special Gradient Rot-Gelb (B-Ware)"},"content":{"rendered":"<p data-start=\"463\" data-end=\"666\">These sheets are among the very last pieces from the original Yummy Gummy era. Even more: This gradient sheets is one of the bery rare sheets being produced by the old and new owners of Yummy Gummy together, making it a truly unique part of the label\u2019s story.<\/p>\n<p data-start=\"266\" data-end=\"537\">Sheets marked as \u201cB Quality\u201d may show bubbles, minor surface damages or slight thickness variations beyond our usual limits. Sometimes they might miss small corners or have damages, in such cases we add pictures with measurements and note it in the short description of each article. Each sheet has been carefully inspected to ensure it is still usable.<\/p>\n<p data-start=\"539\" data-end=\"951\">Diese Abweichungen verhindern keinesfalls die kreative Nutzung: Blasen oder d\u00fcnnere Stellen lassen sich in der Regel umgehen, man ben\u00f6tigt eventuell ein wenig mehr Material. F\u00fcr besonders empfindliche Projekte, wie komplette Catsuits, empfehlen wir immer unsere Standardqualit\u00e4t. F\u00fcr andere, weniger kritische Anwendungen k\u00f6nnen diese Bahnen dennoch viel Freude bereiten.<\/p>\n<p data-start=\"1169\" data-end=\"1350\">All sheets are approximately 1\u202fm \u00d7 2\u202fm, unless otherwise indicated. Slight differences in size and thickness can appear, reflecting the handmade nature of these materials.<\/p>","protected":false},"excerpt":{"rendered":"<p>Diese Bahnen geh\u00f6ren zu den letzten St\u00fccken der urspr\u00fcnglichen Yummy Gummy \u00c4ra. Jedes tr\u00e4gt ein St\u00fcck Geschichte und Charakter in sich und ist damit ein einzigartiger Teil der Label-Historie.<\/p>\n<p>Dieser transparente Farbverlauf ist eine der seltenen Bahnen, die von den alten und neuen Besitzern von Yummy Gummy gemeinsam hergestellt wurden. Die Qualit\u00e4t ist niedriger als bei Standardbahnen.<\/p>\n<p>&nbsp;<\/p>","protected":false},"featured_media":5650,"template":"","meta":{"_sitemap_exclude":false,"_sitemap_priority":"","_sitemap_frequency":""},"product_brand":[],"product_cat":[16],"product_tag":[47,58,44],"class_list":{"0":"post-5644","1":"product","2":"type-product","3":"status-publish","4":"has-post-thumbnail","6":"collection-the-old-yummy-gummy","7":"availability-ready-to-ship-within-3-days","8":"product_cat-latex-sheets","9":"product_tag-ready-to-ship","10":"product_tag-sale","11":"product_tag-old-yummy-gummy","12":"tm-no-options","14":"first","15":"instock","16":"sale","17":"taxable","18":"shipping-taxable","19":"purchasable","20":"product-type-simple"},"_links":{"self":[{"href":"https:\/\/setyo.design\/de\/wp-json\/wp\/v2\/product\/5644","targetHints":{"allow":["GET"]}}],"collection":[{"href":"https:\/\/setyo.design\/de\/wp-json\/wp\/v2\/product"}],"about":[{"href":"https:\/\/setyo.design\/de\/wp-json\/wp\/v2\/types\/product"}],"version-history":[{"count":5,"href":"https:\/\/setyo.design\/de\/wp-json\/wp\/v2\/product\/5644\/revisions"}],"predecessor-version":[{"id":5657,"href":"https:\/\/setyo.design\/de\/wp-json\/wp\/v2\/product\/5644\/revisions\/5657"}],"wp:featuredmedia":[{"embeddable":true,"href":"https:\/\/setyo.design\/de\/wp-json\/wp\/v2\/media\/5650"}],"wp:attachment":[{"href":"https:\/\/setyo.design\/de\/wp-json\/wp\/v2\/media?parent=5644"}],"wp:term":[{"taxonomy":"product_brand","embeddable":true,"href":"https:\/\/setyo.design\/de\/wp-json\/wp\/v2\/product_brand?post=5644"},{"taxonomy":"product_cat","embeddable":true,"href":"https:\/\/setyo.design\/de\/wp-json\/wp\/v2\/product_cat?post=5644"},{"taxonomy":"product_tag","embeddable":true,"href":"https:\/\/setyo.design\/de\/wp-json\/wp\/v2\/product_tag?post=5644"}],"curies":[{"name":"wp","href":"https:\/\/api.w.org\/{rel}","templated":true}]}}