{"id":5799,"date":"2026-01-30T13:55:11","date_gmt":"2026-01-30T13:55:11","guid":{"rendered":"https:\/\/setyo.design\/?post_type=product&#038;p=5799"},"modified":"2026-01-30T13:55:12","modified_gmt":"2026-01-30T13:55:12","slug":"purple-with-silver-glitter-handmade-latex-sheet-b-quality","status":"publish","type":"product","link":"https:\/\/setyo.design\/de\/product\/purple-with-silver-glitter-handmade-latex-sheet-b-quality\/","title":{"rendered":"Lila mit Silbernem Glitter \u2013 Handgefertigte Latexbahn (B-Ware)"},"content":{"rendered":"<p data-pm-slice=\"1 1 []\">Bahnen, die als \u201eB-Qualit\u00e4t\u201c gekennzeichnet sind, m\u00f6gen zwar nicht perfekt sein, sind aber immer noch nutzbar, trotz ihres individuellen Charakters. Sie k\u00f6nnen Blasen, kleinere Oberfl\u00e4chensch\u00e4den oder Abweichungen in der Dicke aufweisen, die \u00fcber unsere \u00fcblichen Toleranzen hinaus gehen. Manchmal fehlen kleine Ecken oder es gibt andere Sch\u00e4den; in solchen F\u00e4llen f\u00fcgen wir Fotos mit Ma\u00dfen bei und vermerken dies in der Kurzbeschreibung jedes Artikels. Jede Bahn wird sorgf\u00e4ltig gepr\u00fcft, um sicherzustellen, dass sie weiterhin nutzbar ist.<\/p>\n<p data-start=\"539\" data-end=\"951\">Diese Abweichungen verhindern keinesfalls die kreative Nutzung: Blasen oder d\u00fcnnere Stellen lassen sich in der Regel umgehen, man ben\u00f6tigt eventuell ein wenig mehr Material. F\u00fcr besonders empfindliche Projekte, wie komplette Catsuits, empfehlen wir immer unsere Standardqualit\u00e4t: <a href=\"https:\/\/setyo.design\/de\/shop\/latex-fashion\/?collection=studio-ready\">Latexbahnen (Standardqualit\u00e4t)<\/a>. F\u00fcr andere, weniger kritische Anwendungen k\u00f6nnen diese Bahnen dennoch viel Freude bereiten.<\/p>\n<p>All sheets are approximately 1\u202fm \u00d7 2\u202fm, unless otherwise indicated.<\/p>\n<p><strong>Weiterf\u00fchrende Informationen:<\/strong><\/p>\n<p>Erfahre, wie du mit unseren handgefertigten Latexbahnen arbeitest: In unserem <a href=\"https:\/\/setyo.design\/de\/guides\/latex-creation-tutorial\/\">Guide zur Herstellung von Latexbekleidung<\/a><\/p>\n<p>Erfahre, was du von unseren Latexbahnen erwarten kannst, in unserem <a href=\"https:\/\/setyo.design\/de\/guides\/quality\/\">Guide zur Qualit\u00e4t von Latexbahnen<\/a><\/p>\n<p>Entdecke mehr Latex-Angebote: <a href=\"https:\/\/setyo.design\/de\/shop\/?product_tag=sale\">Latexbahnen im Sale<\/a><\/p>","protected":false},"excerpt":{"rendered":"<p>Nicht jede Latexbahn wird vollkommen \u2013 und das bedeutet nicht, dass sie nicht verwendet werden kann. Bahnen in B-Qualit\u00e4t k\u00f6nnen sichtbare Unregelm\u00e4\u00dfigkeiten aufweisen, eignen sich jedoch weiterhin f\u00fcr viele Projekte und sind eine gute M\u00f6glichkeit, das Material kennenzulernen und damit zu arbeiten. Wenn qualitativ hochwertige Latexbahnen ben\u00f6tigt werden, k\u00f6nnt ihr unsere Standardqualit\u00e4t hier finden:\u00a0<a href=\"https:\/\/setyo.design\/de\/shop\/latex-fashion\/?collection=studio-ready\">Latexbahnen A-Ware (versandbereit)<\/a><\/p>\n<p>Eine lilafarbene Latexbahn mit dezentem Silber-Glitter. An einigen Stellen haben sich die Layer der Bahn leicht voneinander gel\u00f6st. Diese Stellen k\u00f6nnen mit entsprechender Verteilung der Schnittteile vermieden werden. Beachtet auch die Bilder als Referenz.<\/p>","protected":false},"featured_media":5752,"template":"","meta":{"_sitemap_exclude":false,"_sitemap_priority":"","_sitemap_frequency":""},"product_brand":[],"product_cat":[16],"product_tag":[47,58],"class_list":{"0":"post-5799","1":"product","2":"type-product","3":"status-publish","4":"has-post-thumbnail","6":"collection-workshop-finds","7":"availability-ready-to-ship-within-3-days","8":"product_cat-latex-sheets","9":"product_tag-ready-to-ship","10":"product_tag-sale","11":"tm-no-options","13":"first","14":"instock","15":"sale","16":"taxable","17":"shipping-taxable","18":"purchasable","19":"product-type-simple"},"_links":{"self":[{"href":"https:\/\/setyo.design\/de\/wp-json\/wp\/v2\/product\/5799","targetHints":{"allow":["GET"]}}],"collection":[{"href":"https:\/\/setyo.design\/de\/wp-json\/wp\/v2\/product"}],"about":[{"href":"https:\/\/setyo.design\/de\/wp-json\/wp\/v2\/types\/product"}],"version-history":[{"count":3,"href":"https:\/\/setyo.design\/de\/wp-json\/wp\/v2\/product\/5799\/revisions"}],"predecessor-version":[{"id":5907,"href":"https:\/\/setyo.design\/de\/wp-json\/wp\/v2\/product\/5799\/revisions\/5907"}],"wp:featuredmedia":[{"embeddable":true,"href":"https:\/\/setyo.design\/de\/wp-json\/wp\/v2\/media\/5752"}],"wp:attachment":[{"href":"https:\/\/setyo.design\/de\/wp-json\/wp\/v2\/media?parent=5799"}],"wp:term":[{"taxonomy":"product_brand","embeddable":true,"href":"https:\/\/setyo.design\/de\/wp-json\/wp\/v2\/product_brand?post=5799"},{"taxonomy":"product_cat","embeddable":true,"href":"https:\/\/setyo.design\/de\/wp-json\/wp\/v2\/product_cat?post=5799"},{"taxonomy":"product_tag","embeddable":true,"href":"https:\/\/setyo.design\/de\/wp-json\/wp\/v2\/product_tag?post=5799"}],"curies":[{"name":"wp","href":"https:\/\/api.w.org\/{rel}","templated":true}]}}