{"id":5922,"date":"2026-01-30T14:00:24","date_gmt":"2026-01-30T14:00:24","guid":{"rendered":"https:\/\/setyo.design\/?post_type=product&#038;p=5922"},"modified":"2026-01-30T14:01:24","modified_gmt":"2026-01-30T14:01:24","slug":"crystal-clear-3d-lace-handmade-latex-sheet","status":"publish","type":"product","link":"https:\/\/setyo.design\/de\/product\/crystal-clear-3d-lace-handmade-latex-sheet\/","title":{"rendered":"3D Spitze auf Crystal Clear \u2013 Handgefertigte Latexbahn"},"content":{"rendered":"<p>These latex sheets are new, handmade products created according to Se\u2019tyo\u2019s regular quality standards. Each sheet is produced with care and attention, resulting in a material that is reliable in use when handled with care, while retaining the natural character of handcrafted latex.<\/p>\n<p>Wie bei allen handgefertigten Latexprodukten k\u00f6nnen leichte Abweichungen in Farbe, Dicke oder Oberfl\u00e4chenstruktur auftreten. Diese geh\u00f6ren zum nat\u00fcrlichen Herstellungsprozess und tragen zur Individualit\u00e4t jeder Bahn bei, ohne dass es sich um einen Mangel handelt.<\/p>\n<p>Latexbahnen in regul\u00e4rer Qualit\u00e4t eignen sich f\u00fcr professionelle Latex-Couture und private DIY- Latexprojekte, sofern sie mit der f\u00fcr Latex erforderlichen Sorgfalt behandelt, gelagert und verarbeitet werden.<\/p>\n<p>&nbsp;<\/p>\n<p><strong>Weiterf\u00fchrende Informationen:<\/strong><\/p>\n<p>Erfahre, wie du mit unseren handgefertigten Latexbahnen arbeitest: In unserem <a href=\"https:\/\/setyo.design\/de\/guides\/latex-creation-tutorial\/\">Guide zur Herstellung von Latexbekleidung<\/a><\/p>\n<p>Erfahre, was du von unseren Latexbahnen erwarten kannst, in unserem <a href=\"https:\/\/setyo.design\/de\/guides\/quality\/\">Guide zur Qualit\u00e4t von Latexbahnen<\/a><\/p>\n<p>Entdecke unser gesamtes Sortiment handgefertigter Latexbahnen: <a href=\"https:\/\/setyo.design\/de\/shop\/latex-sheets\/\">Unsere Latexbahnen (Shop)<\/a><\/p>","protected":false},"excerpt":{"rendered":"<p>Diese handgefertigten Latexbahnen werden nach den regul\u00e4ren Qualit\u00e4tsstandards von Se\u2019tyo hergestellt. Sorgf\u00e4ltig produziert mit nat\u00fcrlichen Variationen, bieten wir ein Latexmaterial in hoher Qualit\u00e4t und in satter Farbintensit\u00e4t f\u00fcr Latexfashion und Designprojekte.<\/p>\n<p>Eine Latexbahn mit sp\u00fcrbarer 3D-Spitzenstruktur in Schwarz auf kristallklarem, transparentem Hintergrund (Unser Crystal Clear). Das erhabene Muster ist deutlich sichtbar und verleiht der Oberfl\u00e4che eine feine Tiefe.<\/p>","protected":false},"featured_media":5924,"template":"","meta":{"_sitemap_exclude":false,"_sitemap_priority":"","_sitemap_frequency":""},"product_brand":[],"product_cat":[16],"product_tag":[109,65,47,59],"class_list":{"0":"post-5922","1":"product","2":"type-product","3":"status-publish","4":"has-post-thumbnail","6":"collection-studio-ready","7":"availability-ready-to-ship-within-3-days","8":"product_cat-latex-sheets","9":"product_tag-a-quality-sheets","10":"product_tag-crystal-collection","11":"product_tag-ready-to-ship","12":"product_tag-signature","13":"tm-no-options","15":"first","16":"instock","17":"taxable","18":"shipping-taxable","19":"purchasable","20":"product-type-simple"},"_links":{"self":[{"href":"https:\/\/setyo.design\/de\/wp-json\/wp\/v2\/product\/5922","targetHints":{"allow":["GET"]}}],"collection":[{"href":"https:\/\/setyo.design\/de\/wp-json\/wp\/v2\/product"}],"about":[{"href":"https:\/\/setyo.design\/de\/wp-json\/wp\/v2\/types\/product"}],"version-history":[{"count":3,"href":"https:\/\/setyo.design\/de\/wp-json\/wp\/v2\/product\/5922\/revisions"}],"predecessor-version":[{"id":6168,"href":"https:\/\/setyo.design\/de\/wp-json\/wp\/v2\/product\/5922\/revisions\/6168"}],"wp:featuredmedia":[{"embeddable":true,"href":"https:\/\/setyo.design\/de\/wp-json\/wp\/v2\/media\/5924"}],"wp:attachment":[{"href":"https:\/\/setyo.design\/de\/wp-json\/wp\/v2\/media?parent=5922"}],"wp:term":[{"taxonomy":"product_brand","embeddable":true,"href":"https:\/\/setyo.design\/de\/wp-json\/wp\/v2\/product_brand?post=5922"},{"taxonomy":"product_cat","embeddable":true,"href":"https:\/\/setyo.design\/de\/wp-json\/wp\/v2\/product_cat?post=5922"},{"taxonomy":"product_tag","embeddable":true,"href":"https:\/\/setyo.design\/de\/wp-json\/wp\/v2\/product_tag?post=5922"}],"curies":[{"name":"wp","href":"https:\/\/api.w.org\/{rel}","templated":true}]}}