{"id":6028,"date":"2026-01-30T14:14:04","date_gmt":"2026-01-30T14:14:04","guid":{"rendered":"https:\/\/setyo.design\/?post_type=product&#038;p=6028"},"modified":"2026-01-30T14:15:07","modified_gmt":"2026-01-30T14:15:07","slug":"pearly-splashes-on-translucent-handmade-latex-sheet","status":"publish","type":"product","link":"https:\/\/setyo.design\/de\/product\/pearly-splashes-on-translucent-handmade-latex-sheet\/","title":{"rendered":"Pearl Splashes auf Transparent  \u2013 Handgefertigte Latexbahn"},"content":{"rendered":"<p>These latex sheets are new, handmade products created according to Se\u2019tyo\u2019s regular quality standards. Each sheet is produced with care and attention, resulting in a material that is reliable in use when handled with care, while retaining the natural character of handcrafted latex.<\/p>\n<p>All sheets are approximately 1\u202fm \u00d7 2\u202fm, unless otherwise indicated. As with all handmade latex, subtle variations in color, thickness, or surface appearance may occur. These are a natural part of the production process and contribute to the individuality of each sheet rather than indicating a flaw.<\/p>\n<p>Latexbahnen in regul\u00e4rer Qualit\u00e4t eignen sich f\u00fcr professionelle Latex-Couture und private DIY- Latexprojekte, sofern sie mit der f\u00fcr Latex erforderlichen Sorgfalt behandelt, gelagert und verarbeitet werden.<\/p>\n<p>&nbsp;<\/p>\n<p><strong>Weiterf\u00fchrende Informationen:<\/strong><\/p>\n<p>Erfahre, wie du mit unseren handgefertigten Latexbahnen arbeitest: In unserem <a href=\"https:\/\/setyo.design\/de\/guides\/latex-creation-tutorial\/\">Guide zur Herstellung von Latexbekleidung<\/a><\/p>\n<p>Erfahre, was du von unseren Latexbahnen erwarten kannst, in unserem <a href=\"https:\/\/setyo.design\/de\/guides\/quality\/\">Guide zur Qualit\u00e4t von Latexbahnen<\/a><\/p>\n<p>Entdecke unser gesamtes Sortiment handgefertigter Latexbahnen: <a href=\"https:\/\/setyo.design\/de\/shop\/latex-sheets\/\">Unsere Latexbahnen (Shop)<\/a><\/p>","protected":false},"excerpt":{"rendered":"<p>Diese handgefertigten Latexbahnen werden nach den regul\u00e4ren Qualit\u00e4tsstandards von Se\u2019tyo hergestellt. Sorgf\u00e4ltig produziert mit nat\u00fcrlichen Variationen, bieten wir ein Latexmaterial in hoher Qualit\u00e4t und in satter Farbintensit\u00e4t f\u00fcr Latexfashion und Designprojekte.<\/p>\n<p>Eine kristallklare Latexbahn mit perlmuttfarbenen und farbwechselnden Sprenkeln. Die verteilten, sich ver\u00e4ndernden Muster erzeugen feine Bewegung und einen lebendigen, dynamischen Effekt auf der Oberfl\u00e4che im richtigen Licht.<\/p>","protected":false},"featured_media":5961,"template":"","meta":{"_sitemap_exclude":false,"_sitemap_priority":"","_sitemap_frequency":""},"product_brand":[],"product_cat":[16],"product_tag":[109,47],"class_list":{"0":"post-6028","1":"product","2":"type-product","3":"status-publish","4":"has-post-thumbnail","6":"collection-studio-ready","7":"availability-ready-to-ship-within-3-days","8":"product_cat-latex-sheets","9":"product_tag-a-quality-sheets","10":"product_tag-ready-to-ship","11":"tm-no-options","13":"first","14":"instock","15":"taxable","16":"shipping-taxable","17":"purchasable","18":"product-type-simple"},"_links":{"self":[{"href":"https:\/\/setyo.design\/de\/wp-json\/wp\/v2\/product\/6028","targetHints":{"allow":["GET"]}}],"collection":[{"href":"https:\/\/setyo.design\/de\/wp-json\/wp\/v2\/product"}],"about":[{"href":"https:\/\/setyo.design\/de\/wp-json\/wp\/v2\/types\/product"}],"version-history":[{"count":2,"href":"https:\/\/setyo.design\/de\/wp-json\/wp\/v2\/product\/6028\/revisions"}],"predecessor-version":[{"id":6030,"href":"https:\/\/setyo.design\/de\/wp-json\/wp\/v2\/product\/6028\/revisions\/6030"}],"wp:featuredmedia":[{"embeddable":true,"href":"https:\/\/setyo.design\/de\/wp-json\/wp\/v2\/media\/5961"}],"wp:attachment":[{"href":"https:\/\/setyo.design\/de\/wp-json\/wp\/v2\/media?parent=6028"}],"wp:term":[{"taxonomy":"product_brand","embeddable":true,"href":"https:\/\/setyo.design\/de\/wp-json\/wp\/v2\/product_brand?post=6028"},{"taxonomy":"product_cat","embeddable":true,"href":"https:\/\/setyo.design\/de\/wp-json\/wp\/v2\/product_cat?post=6028"},{"taxonomy":"product_tag","embeddable":true,"href":"https:\/\/setyo.design\/de\/wp-json\/wp\/v2\/product_tag?post=6028"}],"curies":[{"name":"wp","href":"https:\/\/api.w.org\/{rel}","templated":true}]}}